{"id":516,"date":"2017-02-23T19:08:07","date_gmt":"2017-02-24T00:08:07","guid":{"rendered":"https:\/\/www.purdue.edu\/hla\/sites\/hortbusiness\/?page_id=516"},"modified":"2018-10-24T10:05:10","modified_gmt":"2018-10-24T14:05:10","slug":"extension-en-espanol","status":"publish","type":"page","link":"https:\/\/www.purdue.edu\/hla\/sites\/hortbusiness\/extension-en-espanol\/","title":{"rendered":"Extension en Espa\u00f1ol"},"content":{"rendered":"<p>Hola amig@s en la industria de la horticultura!<\/p>\n<p>Ustedes podr\u00e1n encontrar en esta p\u00e1gina informaci\u00f3n en espa\u00f1ol relacionada con negocios, emprendimiento, econom\u00eda, y otros temas del programa de extensi\u00f3n Horticulture Business.<\/p>\n<table style=\"height: 385px;width: 98.6212%;border-collapse: collapse;border-style: none\" border=\"1\">\n<tbody>\n<tr style=\"height: 24px\">\n<td style=\"width: 686px;height: 24px;text-align: center\"><a href=\"https:\/\/www.purdue.edu\/hla\/sites\/hortbusiness\/wp-content\/uploads\/sites\/10\/2018\/10\/4.FM_.Spanish.pdf\"><img loading=\"lazy\" decoding=\"async\" class=\"aligncenter size-medium wp-image-1792\" src=\"https:\/\/www.purdue.edu\/hla\/sites\/hortbusiness\/wp-content\/uploads\/sites\/10\/2018\/10\/FarmersMarkets_Spanish-232x300.jpg\" alt=\"\" width=\"232\" height=\"300\" srcset=\"https:\/\/www.purdue.edu\/hla\/sites\/hortbusiness\/wp-content\/uploads\/sites\/10\/2018\/10\/FarmersMarkets_Spanish-232x300.jpg 232w, https:\/\/www.purdue.edu\/hla\/sites\/hortbusiness\/wp-content\/uploads\/sites\/10\/2018\/10\/FarmersMarkets_Spanish-182x235.jpg 182w, https:\/\/www.purdue.edu\/hla\/sites\/hortbusiness\/wp-content\/uploads\/sites\/10\/2018\/10\/FarmersMarkets_Spanish.jpg 715w\" sizes=\"auto, (max-width: 232px) 100vw, 232px\" \/><\/a><a href=\"https:\/\/www.purdue.edu\/hla\/sites\/hortbusiness\/wp-content\/uploads\/sites\/10\/2018\/10\/4.FM_.Spanish.pdf\"><strong>Los Beneficios y las Tendencias de Los Farmers Markets en Indiana<\/strong><\/a><\/td>\n<td style=\"width: 686px;height: 24px\"><\/td>\n<\/tr>\n<tr style=\"height: 24px\">\n<td style=\"width: 686px;height: 24px\"><\/td>\n<td style=\"width: 686px;height: 24px\"><\/td>\n<\/tr>\n<\/tbody>\n<\/table>\n","protected":false},"excerpt":{"rendered":"<p>Hola amig@s en la industria de la horticultura! Ustedes podr\u00e1n encontrar en esta p\u00e1gina informaci\u00f3n en espa\u00f1ol relacionada con negocios, emprendimiento, econom\u00eda, y otros temas del programa de extensi\u00f3n Horticulture&#8230;<span id=\"post-label-516\" class=\"sr-only\">Read more about Extension en Espa\u00f1ol<\/span><a class=\"read-more\" href=\"https:\/\/www.purdue.edu\/hla\/sites\/hortbusiness\/extension-en-espanol\/\" aria-labelledby=\"post-label-516\">[Read More]<\/a><\/p>\n","protected":false},"author":19,"featured_media":0,"parent":0,"menu_order":0,"comment_status":"closed","ping_status":"closed","template":"","meta":{"_acf_changed":false,"footnotes":""},"class_list":["post-516","page","type-page","status-publish","hentry"],"acf":[],"_links":{"self":[{"href":"https:\/\/www.purdue.edu\/hla\/sites\/hortbusiness\/wp-json\/wp\/v2\/pages\/516","targetHints":{"allow":["GET"]}}],"collection":[{"href":"https:\/\/www.purdue.edu\/hla\/sites\/hortbusiness\/wp-json\/wp\/v2\/pages"}],"about":[{"href":"https:\/\/www.purdue.edu\/hla\/sites\/hortbusiness\/wp-json\/wp\/v2\/types\/page"}],"author":[{"embeddable":true,"href":"https:\/\/www.purdue.edu\/hla\/sites\/hortbusiness\/wp-json\/wp\/v2\/users\/19"}],"replies":[{"embeddable":true,"href":"https:\/\/www.purdue.edu\/hla\/sites\/hortbusiness\/wp-json\/wp\/v2\/comments?post=516"}],"version-history":[{"count":7,"href":"https:\/\/www.purdue.edu\/hla\/sites\/hortbusiness\/wp-json\/wp\/v2\/pages\/516\/revisions"}],"predecessor-version":[{"id":1795,"href":"https:\/\/www.purdue.edu\/hla\/sites\/hortbusiness\/wp-json\/wp\/v2\/pages\/516\/revisions\/1795"}],"wp:attachment":[{"href":"https:\/\/www.purdue.edu\/hla\/sites\/hortbusiness\/wp-json\/wp\/v2\/media?parent=516"}],"curies":[{"name":"wp","href":"https:\/\/api.w.org\/{rel}","templated":true}]}}